{"id":19,"date":"2022-09-05T18:49:44","date_gmt":"2022-09-05T18:49:44","guid":{"rendered":"https:\/\/www.leahfunder.dk\/?page_id=19"},"modified":"2025-11-18T20:19:51","modified_gmt":"2025-11-18T20:19:51","slug":"forsiden","status":"publish","type":"page","link":"https:\/\/www.leahfunder.dk\/?page_id=19","title":{"rendered":"Forsiden"},"content":{"rendered":"<div class=\"brz-root__container brz-reset-all brz brz-root__container-page\">\n<section id=\"_papajgqobvljjvfhdhkeuxcydieeosihqrgy\" class=\"brz-section brz-css-1uil4ul\">\n<div class=\"brz-section__content brz-section--boxed brz-css-1llorn7 brz-css-1b2r9g3\" data-brz-custom-id=\"moeaoywmymvjgfseqfpehdonhkydeoabsvzo\">\n<div class=\"brz-bg\">\n<div class=\"brz-bg-color\"><\/div>\n<\/div>\n<div class=\"brz-container brz-css-1o04dvk\">\n<div class=\"brz-row__container brz-css-1v7mw63\" data-brz-custom-id=\"tpwezvvfainuedxczaykwtltdulnoccwuskc\">\n<div class=\"brz-bg\"><\/div>\n<div class=\"brz-row brz-css-jh2g1h brz-css-25tgqr\">\n<div class=\"brz-columns brz-css-bfm4l2 brz-css-1o823eb\" data-brz-custom-id=\"xtyyadxilhnvugkdrbebeubpbevocjnttlpa\">\n<div class=\"brz-bg\"><\/div>\n<div class=\"brz-column__items brz-css-1nv5s1m brz-css-1t7mk6h\">\n<div id=\"\" class=\"brz-css-16n09ls brz-wrapper\">\n<div class=\"brz-rich-text brz-rich-text__custom brz-css-zc6xwm\" data-brz-custom-id=\"ubedaibvtlkrgrejbhtpbbwaeqchqvdyqirh\">\n<div data-brz-translate-text=\"1\">\n<h3 class=\"brz-tp-lg-heading3 brz-css-qXJWS\" data-uniq-id=\"nixww\" data-generated-css=\"brz-css-hiugq\"><span class=\"brz-cp-color2\">H\u00e5ndlavet<\/span><\/h3>\n<\/div>\n<\/div>\n<\/div>\n<div id=\"\" class=\"brz-css-16n09ls brz-wrapper\">\n<div class=\"brz-rich-text brz-rich-text__custom brz-css-zc6xwm\" data-brz-custom-id=\"cklskocizqyxnncwfhsquourkndtvczeqkvp\">\n<div data-brz-translate-text=\"1\">\n<p class=\"brz-tp-lg-paragraph brz-css-pkxJA\" data-uniq-id=\"ydluq\" data-generated-css=\"brz-css-pxkbl\"><span class=\"brz-cp-color7\">Jeg laver alt i h\u00e5nden<\/span><\/p>\n<\/div>\n<\/div>\n<\/div>\n<\/div>\n<\/div>\n<div class=\"brz-columns brz-css-bfm4l2 brz-css-tzvsii\" data-brz-custom-id=\"nqgnnxfdobeiscdrimkyjxoryeurtbjxvlpv\">\n<div class=\"brz-column__items brz-css-1nv5s1m brz-css-mhuc3s\">\n<div id=\"\" class=\"brz-css-16n09ls brz-wrapper\">\n<div class=\"brz-image brz-css-1pcrttl brz-css-ze1c5d\" data-brz-custom-id=\"fpvdgcgaiqaphqqyepncvdbirecgslcgqveb\"><img decoding=\"async\" class=\"brz-img\" src=\"https:\/\/www.leahfunder.dk\/wp-content\/uploads\/brizy\/imgs\/Billede4-263x263x0x0x263x263x1662403602.jpg\" alt=\"\" loading=\"lazy\"><\/div>\n<\/div>\n<\/div>\n<\/div>\n<div class=\"brz-columns brz-css-bfm4l2 brz-css-y2yhaa\" data-brz-custom-id=\"yslwjdhmrzlxlywmhxxhkgaikqcnrhufbywr\">\n<div class=\"brz-column__items brz-css-1nv5s1m brz-css-1rgm3c6\">\n<div id=\"\" class=\"brz-css-16n09ls brz-wrapper\">\n<div class=\"brz-image brz-css-1nt7i3j brz-css-103hcyr\" data-brz-custom-id=\"yokiuqiqappeumjtcixyxjjrslqpuutkulgd\"><img decoding=\"async\" class=\"brz-img\" src=\"https:\/\/www.leahfunder.dk\/wp-content\/uploads\/brizy\/imgs\/Billede5-263x263x0x0x263x263x1662403602.jpg\" alt=\"\" loading=\"lazy\"><\/div>\n<\/div>\n<\/div>\n<\/div>\n<div class=\"brz-columns brz-css-bfm4l2 brz-css-wxeokv\" data-brz-custom-id=\"vfylzyogmasyrkrpdhbxvgoiwvjorcstxlts\">\n<div class=\"brz-column__items brz-css-1nv5s1m brz-css-1u0wsjc\">\n<div id=\"\" class=\"brz-css-16n09ls brz-wrapper\">\n<div class=\"brz-image brz-css-677lsq brz-css-1ap4gdn\" data-brz-custom-id=\"smvftcmdiztfbxmwdfavfqvrcwbnkrahxscv\"><img decoding=\"async\" class=\"brz-img\" src=\"https:\/\/www.leahfunder.dk\/wp-content\/uploads\/brizy\/imgs\/Billede6-263x263x0x0x263x263x1662403602.jpg\" alt=\"\" loading=\"lazy\"><\/div>\n<\/div>\n<\/div>\n<\/div>\n<\/div>\n<\/div>\n<\/div>\n<\/div>\n<\/section>\n<section id=\"_vbvlnvjwsjfppuzqdihuqvvxwpuwxoedlhbr\" class=\"brz-section brz-css-1uil4ul\">\n<div class=\"brz-section__content brz-section--boxed brz-css-1llorn7 brz-css-ky6sdv\" data-brz-custom-id=\"ribatvfwiqcnynesqwfusvebdckhvzpvegcq\">\n<div class=\"brz-bg\">\n<div class=\"brz-bg-color\"><\/div>\n<\/div>\n<div class=\"brz-container brz-css-1o04dvk\">\n<div class=\"brz-row__container brz-css-1v7mw63\" data-brz-custom-id=\"rszalbksrwsjfuoazcjbkaivimquxfllwrvf\">\n<div class=\"brz-bg\"><\/div>\n<div class=\"brz-row brz-css-jh2g1h brz-css-25tgqr\">\n<div class=\"brz-columns brz-css-bfm4l2 brz-css-1a7jykq\" data-brz-custom-id=\"opcarfiafyslxougetskejdngderlqepbdmt\">\n<div class=\"brz-column__items brz-css-1nv5s1m brz-css-v14s9g\">\n<div id=\"\" class=\"brz-css-16n09ls brz-wrapper\">\n<div class=\"brz-image brz-css-g1niqv brz-css-1r43lq5\" data-brz-custom-id=\"lvtdusafkjwzcpfpvdpkwfljvbpxnhzqcfgn\"><img decoding=\"async\" class=\"brz-img\" src=\"https:\/\/www.leahfunder.dk\/wp-content\/uploads\/brizy\/imgs\/Billede7-263x263x0x0x263x263x1662403602.jpg\" alt=\"\" loading=\"lazy\"><\/div>\n<\/div>\n<\/div>\n<\/div>\n<div class=\"brz-columns brz-css-bfm4l2 brz-css-1w8ftxv\" data-brz-custom-id=\"bqnvvijlhzupldhsfbhgkevefeamxqdcpzcr\">\n<div class=\"brz-column__items brz-css-1nv5s1m brz-css-93fctr\">\n<div id=\"\" class=\"brz-css-16n09ls brz-wrapper\">\n<div class=\"brz-image brz-css-25iu8y brz-css-15vtk01\" data-brz-custom-id=\"firrhsipondycxsujxmbixcznkzcomcflhfo\"><img decoding=\"async\" class=\"brz-img\" src=\"https:\/\/www.leahfunder.dk\/wp-content\/uploads\/brizy\/imgs\/Billede8-263x263x0x0x263x263x1662403602.jpg\" alt=\"\" loading=\"lazy\"><\/div>\n<\/div>\n<\/div>\n<\/div>\n<div class=\"brz-columns brz-css-bfm4l2 brz-css-1msz0qa\" data-brz-custom-id=\"undxvpzfphdtexrfalqkfrbrroymwbbjujhh\">\n<div class=\"brz-bg\"><\/div>\n<div class=\"brz-column__items brz-css-1nv5s1m brz-css-1trjc7k\">\n<div id=\"\" class=\"brz-css-16n09ls brz-wrapper\">\n<div class=\"brz-rich-text brz-rich-text__custom brz-css-zc6xwm\" data-brz-custom-id=\"sjyooqrpjvykytqhypvmsfszpwcdblcgeknl\">\n<div data-brz-translate-text=\"1\">\n<h3 class=\"brz-tp-lg-heading3 brz-css-bKz6m\" data-uniq-id=\"vyfyg\" data-generated-css=\"brz-css-nsndw\"><span class=\"brz-cp-color2\">Design<\/span><\/h3>\n<\/div>\n<\/div>\n<\/div>\n<div id=\"\" class=\"brz-css-16n09ls brz-wrapper\">\n<div class=\"brz-rich-text brz-rich-text__custom brz-css-zc6xwm\" data-brz-custom-id=\"pimnufpgfytfuuuplcddimnotbmzcumumjig\">\n<div data-brz-translate-text=\"1\">\n<p class=\"brz-tp-lg-paragraph brz-css-fktGs\" data-uniq-id=\"vfsyk\" data-generated-css=\"brz-css-wjpqp\"><span class=\"brz-cp-color7\">Jeg designer det hele selv<\/span><\/p>\n<\/div>\n<\/div>\n<\/div>\n<\/div>\n<\/div>\n<div class=\"brz-columns brz-css-bfm4l2 brz-css-cxv8rv\" data-brz-custom-id=\"gtksadvsbrqjyniegccdyyczbxesledfvvrz\">\n<div class=\"brz-column__items brz-css-1nv5s1m brz-css-99f58m\">\n<div id=\"\" class=\"brz-css-16n09ls brz-wrapper\">\n<div class=\"brz-image brz-css-1suivaq brz-css-1vylie3\" data-brz-custom-id=\"ghirthikpldaczyexiueoodmkylovvshokkb\"><img decoding=\"async\" class=\"brz-img\" src=\"https:\/\/www.leahfunder.dk\/wp-content\/uploads\/brizy\/imgs\/Billede3-263x263x0x0x263x263x1662403601.jpg\" alt=\"\" loading=\"lazy\"><\/div>\n<\/div>\n<\/div>\n<\/div>\n<\/div>\n<\/div>\n<\/div>\n<\/div>\n<\/section>\n<section id=\"_krsdvnlywmjwujgqbkgasfoppapwapcctjvc\" class=\"brz-section brz-css-1uil4ul\">\n<div class=\"brz-section__content brz-section--boxed brz-css-1llorn7 brz-css-2i2381\" data-brz-custom-id=\"ozcvwuoizkzqdxyphrargykbbaaljtxpsmzo\">\n<div class=\"brz-bg\">\n<div class=\"brz-bg-color\"><\/div>\n<\/div>\n<div class=\"brz-container brz-css-1o04dvk brz-css-194peai\">\n<div id=\"\" class=\"brz-css-16n09ls brz-css-23do4h brz-wrapper\">\n<div class=\"brz-rich-text brz-rich-text__custom brz-css-zc6xwm\" data-brz-custom-id=\"mndbvzraijlxuheruqcguzghqvpowjihibcm\">\n<div data-brz-translate-text=\"1\">\n<h2 data-uniq-id=\"jvuxo\" data-generated-css=\"brz-css-ldopw\" class=\"brz-ls-lg-m_1_5 brz-lh-lg-1_3 brz-tp-lg-empty brz-ff-montserrat brz-ft-google brz-fs-lg-26 brz-fss-lg-px brz-fw-lg-500 brz-css-c2Xft\"><span class=\"brz-cp-color2\">Er du interesseret? S\u00e5 send en besked.<\/span><\/h2>\n<\/div>\n<\/div>\n<\/div>\n<div id=\"\" class=\"brz-css-16n09ls brz-css-13vbh7h brz-wrapper\">\n<div class=\"brz-spacer brz-css-skpxbg brz-css-9hxsa8\"><\/div>\n<\/div>\n<div id=\"\" class=\"brz-css-16n09ls brz-wrapper\">\n<div data-brz-form-version=\"2\" class=\"brz-forms2 brz-css-um0z2r brz-css-w6yqcv\" data-brz-custom-id=\"ofcrejwwsmllyvvjizqfhncukuvzgouiueld\">\n<div data-brz-translate-text=\"1\" class=\"brz-forms2__item brz-css-l1voul brz-css-ou2u6e brz-css-10gvjyd\"><\/div>\n<div data-brz-translate-text=\"1\" class=\"brz-forms2__item brz-css-l1voul brz-css-ou2u6e brz-css-10gvjyd\"><\/div>\n<div data-brz-translate-text=\"1\" class=\"brz-forms2__item brz-css-l1voul brz-css-ou2u6e brz-css-10gvjyd\"><\/div>\n<div data-brz-translate-text=\"1\" class=\"brz-forms2__item brz-css-l1voul brz-css-ou2u6e brz-css-10gvjyd brz-css-1c26zb9\"><textarea id=\"r74Ywg3HAuyE_\" name=\"esahhlluzmcatuxetqffmyvzkdmihijldcfk\" data-brz-type=\"Paragraph\" data-brz-label=\"Din besked\" data-brz-placeholder=\"Din besked\" class=\"brz-textarea brz-forms2__field brz-forms2__field-paragraph\"><\/textarea><\/div>\n<div class=\"brz-forms2 brz-forms2__item brz-forms2__item-button\" data-brz-custom-id=\"ofcrejwwsmllyvvjizqfhncukuvzgouiueld\"><button class=\"brz-btn brz-btn-submit brz-css-1iovzfc brz-css-1auy385\" data-brz-custom-id=\"mqlmeifljrreiexdzrupeabexiwbjijngsrh\"><span data-brz-translate-text=\"1\" class=\"brz-span brz-text__editor\">Send Message<\/span><\/button><\/div>\n<div class=\"brz-g-recaptcha\" data-sitekey=\"\" data-size=\"invisible\" data-callback=\"brzFormV2Captcha\"><\/div>\n<\/div>\n<\/div>\n<\/div>\n<\/div>\n<\/section>\n<\/div>\n<p>    <!-- version:1737636932 --><\/p>\n","protected":false},"excerpt":{"rendered":"<p>H\u00e5ndlavet Jeg laver alt i h\u00e5nden Design Jeg designer det hele selv Er du interesseret? S\u00e5 send en besked. Send Message<\/p>\n","protected":false},"author":1,"featured_media":0,"parent":0,"menu_order":0,"comment_status":"closed","ping_status":"closed","template":"","meta":{"footnotes":""},"class_list":["post-19","page","type-page","status-publish","hentry"],"blocksy_meta":{"styles_descriptor":{"styles":{"desktop":"","tablet":"","mobile":""},"google_fonts":[],"version":6}},"brizy_media":[{"id":9,"url":"https:\/\/www.leahfunder.dk\/wp-content\/uploads\/2022\/09\/Billede3.jpg","name":"Billede3.jpg","meta":{"brizy_attachment_uid":"wp-92d4f8526b2b96bffd534ac3a4d8ce9c.jpg","brizy_post_uid":["54990003c05a0c4d7fa6ae0dd949eae3"]}},{"id":10,"url":"https:\/\/www.leahfunder.dk\/wp-content\/uploads\/2022\/09\/Billede4.jpg","name":"Billede4.jpg","meta":{"brizy_attachment_uid":"wp-b59d5a60cd4040aaecde29707a94fc44.jpg","brizy_post_uid":["54990003c05a0c4d7fa6ae0dd949eae3"]}},{"id":11,"url":"https:\/\/www.leahfunder.dk\/wp-content\/uploads\/2022\/09\/Billede5.jpg","name":"Billede5.jpg","meta":{"brizy_attachment_uid":"wp-daab5e1150492dd8dfa8055efa979f94.jpg","brizy_post_uid":["54990003c05a0c4d7fa6ae0dd949eae3"]}},{"id":12,"url":"https:\/\/www.leahfunder.dk\/wp-content\/uploads\/2022\/09\/Billede6.jpg","name":"Billede6.jpg","meta":{"brizy_attachment_uid":"wp-d72b2acdf9ec1453b8a36b3b4c43d5eb.jpg","brizy_post_uid":["54990003c05a0c4d7fa6ae0dd949eae3"]}},{"id":13,"url":"https:\/\/www.leahfunder.dk\/wp-content\/uploads\/2022\/09\/Billede7.jpg","name":"Billede7.jpg","meta":{"brizy_attachment_uid":"wp-519f511bc178a4d29a6cf5f747ac13c7.jpg","brizy_post_uid":["54990003c05a0c4d7fa6ae0dd949eae3"]}},{"id":14,"url":"https:\/\/www.leahfunder.dk\/wp-content\/uploads\/2022\/09\/Billede8.jpg","name":"Billede8.jpg","meta":{"brizy_attachment_uid":"wp-2d822a160da7e5b3fa9633fcd3e36551.jpg","brizy_post_uid":["54990003c05a0c4d7fa6ae0dd949eae3"]}}],"_links":{"self":[{"href":"https:\/\/www.leahfunder.dk\/index.php?rest_route=\/wp\/v2\/pages\/19","targetHints":{"allow":["GET"]}}],"collection":[{"href":"https:\/\/www.leahfunder.dk\/index.php?rest_route=\/wp\/v2\/pages"}],"about":[{"href":"https:\/\/www.leahfunder.dk\/index.php?rest_route=\/wp\/v2\/types\/page"}],"author":[{"embeddable":true,"href":"https:\/\/www.leahfunder.dk\/index.php?rest_route=\/wp\/v2\/users\/1"}],"replies":[{"embeddable":true,"href":"https:\/\/www.leahfunder.dk\/index.php?rest_route=%2Fwp%2Fv2%2Fcomments&post=19"}],"version-history":[{"count":9,"href":"https:\/\/www.leahfunder.dk\/index.php?rest_route=\/wp\/v2\/pages\/19\/revisions"}],"predecessor-version":[{"id":39,"href":"https:\/\/www.leahfunder.dk\/index.php?rest_route=\/wp\/v2\/pages\/19\/revisions\/39"}],"wp:attachment":[{"href":"https:\/\/www.leahfunder.dk\/index.php?rest_route=%2Fwp%2Fv2%2Fmedia&parent=19"}],"curies":[{"name":"wp","href":"https:\/\/api.w.org\/{rel}","templated":true}]}}